{"id":687,"date":"2023-03-09T01:22:06","date_gmt":"2023-03-09T01:22:06","guid":{"rendered":"https:\/\/lacitemedicalemontreal.ca\/career\/"},"modified":"2024-04-30T16:34:39","modified_gmt":"2024-04-30T16:34:39","slug":"career","status":"publish","type":"page","link":"https:\/\/lacitemedicalemontreal.ca\/en\/career\/","title":{"rendered":"Career"},"content":{"rendered":"<p><div class=\"fusion-fullwidth fullwidth-box fusion-builder-row-1 fusion-flex-container has-pattern-background has-mask-background nonhundred-percent-fullwidth non-hundred-percent-height-scrolling\" style=\"--awb-background-position:left bottom;--awb-border-radius-top-left:0px;--awb-border-radius-top-right:0px;--awb-border-radius-bottom-right:0px;--awb-border-radius-bottom-left:0px;--awb-padding-top:120px;--awb-padding-right:180px;--awb-padding-bottom:120px;--awb-padding-left:180px;--awb-padding-right-medium:70px;--awb-padding-left-medium:70px;--awb-padding-top-small:0px;--awb-padding-right-small:50px;--awb-padding-bottom-small:100px;--awb-padding-left-small:50px;--awb-flex-wrap:wrap;\" ><div class=\"fusion-builder-row fusion-row fusion-flex-align-items-flex-start fusion-flex-content-wrap\" style=\"max-width:1248px;margin-left: calc(-4% \/ 2 );margin-right: calc(-4% \/ 2 );\"><div class=\"fusion-layout-column fusion_builder_column fusion-builder-column-0 fusion_builder_column_1_1 1_1 fusion-flex-column\" style=\"--awb-bg-size:cover;--awb-width-large:100%;--awb-margin-top-large:0px;--awb-spacing-right-large:1.92%;--awb-margin-bottom-large:0px;--awb-spacing-left-large:1.92%;--awb-width-medium:100%;--awb-order-medium:0;--awb-spacing-right-medium:1.92%;--awb-spacing-left-medium:1.92%;--awb-width-small:100%;--awb-order-small:0;--awb-spacing-right-small:1.92%;--awb-spacing-left-small:1.92%;\"><div class=\"fusion-column-wrapper fusion-column-has-shadow fusion-flex-justify-content-flex-start fusion-content-layout-column\"><div class=\"fusion-title title fusion-title-1 fusion-sep-none fusion-title-center fusion-title-text fusion-title-size-two\"><h2 class=\"fusion-title-heading title-heading-center\" style=\"margin:0;\">Our values<\/h2><\/div><div class=\"fusion-separator fusion-full-width-sep\" style=\"align-self: center;margin-left: auto;margin-right: auto;margin-bottom:60px;width:100%;\"><\/div><\/div><\/div><div class=\"fusion-layout-column fusion_builder_column fusion-builder-column-1 fusion_builder_column_1_3 1_3 fusion-flex-column fusion-flex-align-self-stretch hover-box\" style=\"--awb-padding-top:30px;--awb-padding-right:25px;--awb-padding-bottom:30px;--awb-padding-left:32px;--awb-overflow:hidden;--awb-bg-color:#fcfbfd;--awb-bg-color-hover:#fcfbfd;--awb-bg-size:cover;--awb-box-shadow:2px 3px 20px -4px rgba(122,122,122,0.21);;--awb-border-radius:18px 18px 18px 18px;--awb-width-large:33.333333333333%;--awb-margin-top-large:0px;--awb-spacing-right-large:2.304%;--awb-margin-bottom-large:0px;--awb-spacing-left-large:2.304%;--awb-width-medium:33.333333333333%;--awb-order-medium:0;--awb-spacing-right-medium:2.304%;--awb-spacing-left-medium:2.304%;--awb-width-small:100%;--awb-order-small:0;--awb-spacing-right-small:1.92%;--awb-margin-bottom-small:40px;--awb-spacing-left-small:1.92%;\"><div class=\"fusion-column-wrapper fusion-column-has-shadow fusion-flex-justify-content-flex-start fusion-content-layout-column\"><div class=\"fusion-image-element \" style=\"text-align:left;--awb-max-width:90px;--awb-caption-title-font-family:var(--h2_typography-font-family);--awb-caption-title-font-weight:var(--h2_typography-font-weight);--awb-caption-title-font-style:var(--h2_typography-font-style);--awb-caption-title-size:var(--h2_typography-font-size);--awb-caption-title-transform:var(--h2_typography-text-transform);--awb-caption-title-line-height:var(--h2_typography-line-height);--awb-caption-title-letter-spacing:var(--h2_typography-letter-spacing);\"><span class=\" fusion-imageframe imageframe-none imageframe-1 hover-type-none\"><img decoding=\"async\" width=\"81\" height=\"91\" title=\"La Cit\u00e9 M\u00e9dicale Montr\u00e9al &#8211; Teamwork\" src=\"http:\/\/lacitemedicalemontreal.ca\/wp-content\/uploads\/2023\/03\/TE.png\" alt class=\"img-responsive wp-image-594\"\/><\/span><\/div><div class=\"fusion-separator fusion-full-width-sep\" style=\"align-self: center;margin-left: auto;margin-right: auto;margin-bottom:25px;width:100%;\"><\/div><div class=\"fusion-title title fusion-title-2 fusion-sep-none fusion-title-text fusion-title-size-three\"><h3 class=\"fusion-title-heading title-heading-left\" style=\"margin:0;\">Work-life<br \/>\nbalance<\/h3><\/div><div class=\"fusion-text fusion-text-1\"><p>We create the best possible conditions for our staff to enjoy a better work-life balance.<\/p>\n<\/div><\/div><\/div><div class=\"fusion-layout-column fusion_builder_column fusion-builder-column-2 fusion_builder_column_1_3 1_3 fusion-flex-column fusion-flex-align-self-stretch hover-box\" style=\"--awb-padding-top:30px;--awb-padding-right:25px;--awb-padding-bottom:30px;--awb-padding-left:32px;--awb-overflow:hidden;--awb-bg-color:#fcfbfd;--awb-bg-color-hover:#fcfbfd;--awb-bg-size:cover;--awb-box-shadow:2px 3px 20px -4px rgba(122,122,122,0.21);;--awb-border-radius:18px 18px 18px 18px;--awb-width-large:33.333333333333%;--awb-margin-top-large:0px;--awb-spacing-right-large:2.304%;--awb-margin-bottom-large:0px;--awb-spacing-left-large:2.304%;--awb-width-medium:33.333333333333%;--awb-order-medium:0;--awb-spacing-right-medium:2.304%;--awb-spacing-left-medium:2.304%;--awb-width-small:100%;--awb-order-small:0;--awb-spacing-right-small:1.92%;--awb-margin-bottom-small:40px;--awb-spacing-left-small:1.92%;\"><div class=\"fusion-column-wrapper fusion-column-has-shadow fusion-flex-justify-content-flex-start fusion-content-layout-column\"><div class=\"fusion-image-element \" style=\"text-align:left;--awb-max-width:90px;--awb-caption-title-font-family:var(--h2_typography-font-family);--awb-caption-title-font-weight:var(--h2_typography-font-weight);--awb-caption-title-font-style:var(--h2_typography-font-style);--awb-caption-title-size:var(--h2_typography-font-size);--awb-caption-title-transform:var(--h2_typography-text-transform);--awb-caption-title-line-height:var(--h2_typography-line-height);--awb-caption-title-letter-spacing:var(--h2_typography-letter-spacing);\"><span class=\" fusion-imageframe imageframe-none imageframe-2 hover-type-none\"><img decoding=\"async\" width=\"85\" height=\"92\" title=\"Ecoute du patient &#8211; Attentive patient care\" src=\"http:\/\/lacitemedicalemontreal.ca\/wp-content\/uploads\/2023\/03\/Ecoute-du-patient.png\" alt class=\"img-responsive wp-image-593\"\/><\/span><\/div><div class=\"fusion-separator fusion-full-width-sep\" style=\"align-self: center;margin-left: auto;margin-right: auto;margin-bottom:25px;width:100%;\"><\/div><div class=\"fusion-title title fusion-title-3 fusion-sep-none fusion-title-text fusion-title-size-three\"><h3 class=\"fusion-title-heading title-heading-left\" style=\"margin:0;\">Excellent<br \/>\nreputation<\/h3><\/div><div class=\"fusion-text fusion-text-2\"><p>Our medical clinic is recognized for the exceptional quality of its services. Joining our clinic means opting for a culture of medical excellence every day.<\/p>\n<\/div><\/div><\/div><div class=\"fusion-layout-column fusion_builder_column fusion-builder-column-3 fusion_builder_column_1_3 1_3 fusion-flex-column fusion-flex-align-self-stretch hover-box\" style=\"--awb-padding-top:30px;--awb-padding-right:25px;--awb-padding-bottom:30px;--awb-padding-left:32px;--awb-overflow:hidden;--awb-bg-color:#fcfbfd;--awb-bg-color-hover:#fcfbfd;--awb-bg-size:cover;--awb-box-shadow:2px 3px 20px -4px rgba(122,122,122,0.21);;--awb-border-radius:18px 18px 18px 18px;--awb-width-large:33.333333333333%;--awb-margin-top-large:0px;--awb-spacing-right-large:2.304%;--awb-margin-bottom-large:0px;--awb-spacing-left-large:2.304%;--awb-width-medium:33.333333333333%;--awb-order-medium:0;--awb-spacing-right-medium:2.304%;--awb-spacing-left-medium:2.304%;--awb-width-small:100%;--awb-order-small:0;--awb-spacing-right-small:1.92%;--awb-spacing-left-small:1.92%;\"><div class=\"fusion-column-wrapper fusion-column-has-shadow fusion-flex-justify-content-flex-start fusion-content-layout-column\"><div class=\"fusion-image-element \" style=\"text-align:left;--awb-margin-top:18px;--awb-caption-title-font-family:var(--h2_typography-font-family);--awb-caption-title-font-weight:var(--h2_typography-font-weight);--awb-caption-title-font-style:var(--h2_typography-font-style);--awb-caption-title-size:var(--h2_typography-font-size);--awb-caption-title-transform:var(--h2_typography-text-transform);--awb-caption-title-line-height:var(--h2_typography-line-height);--awb-caption-title-letter-spacing:var(--h2_typography-letter-spacing);\"><span class=\" fusion-imageframe imageframe-none imageframe-3 hover-type-none\"><img decoding=\"async\" width=\"81\" height=\"73\" title=\"La Cit\u00e9 M\u00e9dicale Montr\u00e9al &#8211; Availability\" src=\"http:\/\/lacitemedicalemontreal.ca\/wp-content\/uploads\/2023\/03\/Disponibilite.png\" alt class=\"img-responsive wp-image-592\"\/><\/span><\/div><div class=\"fusion-separator fusion-full-width-sep\" style=\"align-self: center;margin-left: auto;margin-right: auto;margin-bottom:25px;width:100%;\"><\/div><div class=\"fusion-title title fusion-title-4 fusion-sep-none fusion-title-text fusion-title-size-three\"><h3 class=\"fusion-title-heading title-heading-left\" style=\"margin:0;\">Professional<br \/>\ndevelopment<\/h3><\/div><div class=\"fusion-text fusion-text-3\"><p>Thanks to our dynamic, multidisciplinary and state-of-the-art environment, your professional development is only a matter of time.<\/p>\n<\/div><\/div><\/div><\/div><\/div><\/p>\n","protected":false},"excerpt":{"rendered":"","protected":false},"author":1,"featured_media":0,"parent":0,"menu_order":0,"comment_status":"closed","ping_status":"closed","template":"100-width.php","meta":{"inline_featured_image":false,"footnotes":""},"class_list":["post-687","page","type-page","status-publish","hentry"],"yoast_head":"<!-- This site is optimized with the Yoast SEO plugin v25.9 - https:\/\/yoast.com\/wordpress\/plugins\/seo\/ -->\n<title>La Cit\u00e9 M\u00e9dicale Montr\u00e9al | Join Our New-Generation Medical Clinic in Montreal<\/title>\n<meta name=\"description\" content=\"Explore career opportunities at our Montreal medical clinic. Join a dynamic, dedicated and welcoming team of healthcare professionals.\" \/>\n<meta name=\"robots\" content=\"index, follow, max-snippet:-1, max-image-preview:large, max-video-preview:-1\" \/>\n<link rel=\"canonical\" href=\"https:\/\/lacitemedicalemontreal.ca\/en\/career\/\" \/>\n<meta property=\"og:locale\" content=\"en_US\" \/>\n<meta property=\"og:type\" content=\"article\" \/>\n<meta property=\"og:title\" content=\"La Cit\u00e9 M\u00e9dicale Montr\u00e9al | Join Our New-Generation Medical Clinic in Montreal\" \/>\n<meta property=\"og:description\" content=\"Explore career opportunities at our Montreal medical clinic. Join a dynamic, dedicated and welcoming team of healthcare professionals.\" \/>\n<meta property=\"og:url\" content=\"https:\/\/lacitemedicalemontreal.ca\/en\/career\/\" \/>\n<meta property=\"og:site_name\" content=\"La Cit\u00e9 M\u00e9dicale\" \/>\n<meta property=\"article:modified_time\" content=\"2024-04-30T16:34:39+00:00\" \/>\n<meta name=\"twitter:card\" content=\"summary_large_image\" \/>\n<meta name=\"twitter:label1\" content=\"Est. reading time\" \/>\n\t<meta name=\"twitter:data1\" content=\"23 minutes\" \/>\n<script type=\"application\/ld+json\" class=\"yoast-schema-graph\">{\"@context\":\"https:\/\/schema.org\",\"@graph\":[{\"@type\":\"WebPage\",\"@id\":\"https:\/\/lacitemedicalemontreal.ca\/en\/career\/\",\"url\":\"https:\/\/lacitemedicalemontreal.ca\/en\/career\/\",\"name\":\"La Cit\u00e9 M\u00e9dicale Montr\u00e9al | Join Our New-Generation Medical Clinic in Montreal\",\"isPartOf\":{\"@id\":\"https:\/\/lacitemedicalemontreal.ca\/en\/#website\"},\"datePublished\":\"2023-03-09T01:22:06+00:00\",\"dateModified\":\"2024-04-30T16:34:39+00:00\",\"description\":\"Explore career opportunities at our Montreal medical clinic. Join a dynamic, dedicated and welcoming team of healthcare professionals.\",\"breadcrumb\":{\"@id\":\"https:\/\/lacitemedicalemontreal.ca\/en\/career\/#breadcrumb\"},\"inLanguage\":\"en-US\",\"potentialAction\":[{\"@type\":\"ReadAction\",\"target\":[\"https:\/\/lacitemedicalemontreal.ca\/en\/career\/\"]}]},{\"@type\":\"BreadcrumbList\",\"@id\":\"https:\/\/lacitemedicalemontreal.ca\/en\/career\/#breadcrumb\",\"itemListElement\":[{\"@type\":\"ListItem\",\"position\":1,\"name\":\"Accueil\",\"item\":\"https:\/\/lacitemedicalemontreal.ca\/en\/\"},{\"@type\":\"ListItem\",\"position\":2,\"name\":\"Career\"}]},{\"@type\":\"WebSite\",\"@id\":\"https:\/\/lacitemedicalemontreal.ca\/en\/#website\",\"url\":\"https:\/\/lacitemedicalemontreal.ca\/en\/\",\"name\":\"La Cit\u00e9 M\u00e9dicale\",\"description\":\"\",\"potentialAction\":[{\"@type\":\"SearchAction\",\"target\":{\"@type\":\"EntryPoint\",\"urlTemplate\":\"https:\/\/lacitemedicalemontreal.ca\/en\/?s={search_term_string}\"},\"query-input\":{\"@type\":\"PropertyValueSpecification\",\"valueRequired\":true,\"valueName\":\"search_term_string\"}}],\"inLanguage\":\"en-US\"}]}<\/script>\n<!-- \/ Yoast SEO plugin. -->","yoast_head_json":{"title":"La Cit\u00e9 M\u00e9dicale Montr\u00e9al | Join Our New-Generation Medical Clinic in Montreal","description":"Explore career opportunities at our Montreal medical clinic. Join a dynamic, dedicated and welcoming team of healthcare professionals.","robots":{"index":"index","follow":"follow","max-snippet":"max-snippet:-1","max-image-preview":"max-image-preview:large","max-video-preview":"max-video-preview:-1"},"canonical":"https:\/\/lacitemedicalemontreal.ca\/en\/career\/","og_locale":"en_US","og_type":"article","og_title":"La Cit\u00e9 M\u00e9dicale Montr\u00e9al | Join Our New-Generation Medical Clinic in Montreal","og_description":"Explore career opportunities at our Montreal medical clinic. Join a dynamic, dedicated and welcoming team of healthcare professionals.","og_url":"https:\/\/lacitemedicalemontreal.ca\/en\/career\/","og_site_name":"La Cit\u00e9 M\u00e9dicale","article_modified_time":"2024-04-30T16:34:39+00:00","twitter_card":"summary_large_image","twitter_misc":{"Est. reading time":"23 minutes"},"schema":{"@context":"https:\/\/schema.org","@graph":[{"@type":"WebPage","@id":"https:\/\/lacitemedicalemontreal.ca\/en\/career\/","url":"https:\/\/lacitemedicalemontreal.ca\/en\/career\/","name":"La Cit\u00e9 M\u00e9dicale Montr\u00e9al | Join Our New-Generation Medical Clinic in Montreal","isPartOf":{"@id":"https:\/\/lacitemedicalemontreal.ca\/en\/#website"},"datePublished":"2023-03-09T01:22:06+00:00","dateModified":"2024-04-30T16:34:39+00:00","description":"Explore career opportunities at our Montreal medical clinic. Join a dynamic, dedicated and welcoming team of healthcare professionals.","breadcrumb":{"@id":"https:\/\/lacitemedicalemontreal.ca\/en\/career\/#breadcrumb"},"inLanguage":"en-US","potentialAction":[{"@type":"ReadAction","target":["https:\/\/lacitemedicalemontreal.ca\/en\/career\/"]}]},{"@type":"BreadcrumbList","@id":"https:\/\/lacitemedicalemontreal.ca\/en\/career\/#breadcrumb","itemListElement":[{"@type":"ListItem","position":1,"name":"Accueil","item":"https:\/\/lacitemedicalemontreal.ca\/en\/"},{"@type":"ListItem","position":2,"name":"Career"}]},{"@type":"WebSite","@id":"https:\/\/lacitemedicalemontreal.ca\/en\/#website","url":"https:\/\/lacitemedicalemontreal.ca\/en\/","name":"La Cit\u00e9 M\u00e9dicale","description":"","potentialAction":[{"@type":"SearchAction","target":{"@type":"EntryPoint","urlTemplate":"https:\/\/lacitemedicalemontreal.ca\/en\/?s={search_term_string}"},"query-input":{"@type":"PropertyValueSpecification","valueRequired":true,"valueName":"search_term_string"}}],"inLanguage":"en-US"}]}},"_links":{"self":[{"href":"https:\/\/lacitemedicalemontreal.ca\/en\/wp-json\/wp\/v2\/pages\/687","targetHints":{"allow":["GET"]}}],"collection":[{"href":"https:\/\/lacitemedicalemontreal.ca\/en\/wp-json\/wp\/v2\/pages"}],"about":[{"href":"https:\/\/lacitemedicalemontreal.ca\/en\/wp-json\/wp\/v2\/types\/page"}],"author":[{"embeddable":true,"href":"https:\/\/lacitemedicalemontreal.ca\/en\/wp-json\/wp\/v2\/users\/1"}],"replies":[{"embeddable":true,"href":"https:\/\/lacitemedicalemontreal.ca\/en\/wp-json\/wp\/v2\/comments?post=687"}],"version-history":[{"count":4,"href":"https:\/\/lacitemedicalemontreal.ca\/en\/wp-json\/wp\/v2\/pages\/687\/revisions"}],"predecessor-version":[{"id":1140,"href":"https:\/\/lacitemedicalemontreal.ca\/en\/wp-json\/wp\/v2\/pages\/687\/revisions\/1140"}],"wp:attachment":[{"href":"https:\/\/lacitemedicalemontreal.ca\/en\/wp-json\/wp\/v2\/media?parent=687"}],"curies":[{"name":"wp","href":"https:\/\/api.w.org\/{rel}","templated":true}]}}