{"id":658,"date":"2023-03-09T21:11:11","date_gmt":"2023-03-09T21:11:11","guid":{"rendered":"https:\/\/lacitemedicalemontreal.ca\/contact\/"},"modified":"2024-02-22T00:57:27","modified_gmt":"2024-02-22T00:57:27","slug":"contact","status":"publish","type":"page","link":"https:\/\/lacitemedicalemontreal.ca\/en\/contact\/","title":{"rendered":"Contact"},"content":{"rendered":"<p><div class=\"fusion-fullwidth fullwidth-box fusion-builder-row-1 fusion-flex-container has-pattern-background has-mask-background nonhundred-percent-fullwidth non-hundred-percent-height-scrolling\" style=\"--link_color: #292e3d;--awb-background-position:right top;--awb-border-radius-top-left:0px;--awb-border-radius-top-right:0px;--awb-border-radius-bottom-right:0px;--awb-border-radius-bottom-left:0px;--awb-padding-top:90px;--awb-padding-right:120px;--awb-padding-bottom:100px;--awb-padding-left:120px;--awb-padding-right-medium:50px;--awb-padding-left-medium:50px;--awb-padding-top-small:65px;--awb-padding-right-small:50px;--awb-padding-bottom-small:0px;--awb-padding-left-small:50px;--awb-margin-bottom:0px;--awb-background-color:#ffffff;--awb-flex-wrap:wrap;\" ><div class=\"fusion-builder-row fusion-row fusion-flex-align-items-flex-start fusion-flex-content-wrap\" style=\"max-width:1248px;margin-left: calc(-4% \/ 2 );margin-right: calc(-4% \/ 2 );\"><div class=\"fusion-layout-column fusion_builder_column fusion-builder-column-0 fusion_builder_column_1_1 1_1 fusion-flex-column\" style=\"--awb-bg-size:cover;--awb-width-large:100%;--awb-margin-top-large:0px;--awb-spacing-right-large:1.92%;--awb-margin-bottom-large:45.0156px;--awb-spacing-left-large:1.92%;--awb-width-medium:100%;--awb-order-medium:0;--awb-spacing-right-medium:1.92%;--awb-spacing-left-medium:1.92%;--awb-width-small:100%;--awb-order-small:0;--awb-spacing-right-small:1.92%;--awb-spacing-left-small:1.92%;\"><div class=\"fusion-column-wrapper fusion-column-has-shadow fusion-flex-justify-content-flex-start fusion-content-layout-column\"><div class=\"fusion-title title fusion-title-1 fusion-sep-none fusion-title-center fusion-title-text fusion-title-size-two\"><h2 class=\"fusion-title-heading title-heading-center\" style=\"margin:0;\">Contact us<\/h2><\/div><\/div><\/div><div class=\"fusion-layout-column fusion_builder_column fusion-builder-column-1 fusion_builder_column_1_2 1_2 fusion-flex-column fusion-flex-align-self-stretch\" style=\"--awb-padding-top:40px;--awb-padding-right:15px;--awb-padding-bottom:40px;--awb-padding-left:40px;--awb-bg-color:#f2f7ff;--awb-bg-color-hover:#f2f7ff;--awb-bg-size:cover;--awb-width-large:50%;--awb-margin-top-large:0px;--awb-spacing-right-large:1.92%;--awb-margin-bottom-large:0px;--awb-spacing-left-large:1.92%;--awb-width-medium:50%;--awb-order-medium:0;--awb-spacing-right-medium:1.92%;--awb-spacing-left-medium:1.92%;--awb-width-small:100%;--awb-order-small:0;--awb-spacing-right-small:1.92%;--awb-margin-bottom-small:20px;--awb-spacing-left-small:1.92%;\"><div class=\"fusion-column-wrapper fusion-column-has-shadow fusion-flex-justify-content-center fusion-content-layout-column\"><div class=\"fusion-title title fusion-title-2 fusion-sep-none fusion-title-text fusion-title-size-three\" style=\"--awb-text-color:#0c0843;--awb-margin-bottom:20px;--awb-font-size:20px;\"><h3 class=\"fusion-title-heading title-heading-left\" style=\"margin:0;font-size:1em;\">Medical services for businesses<\/h3><\/div><div class=\"fusion-text fusion-text-1\" style=\"--awb-font-size:17px;--awb-line-height:1.3;--awb-text-color:#000000;\"><p>3500, Blvd<span style=\"font-weight: 400;\">. de <\/span>Maisonneuve West,<br \/>\nSuite 1530, Westmount,<br \/>\nQu\u00e9bec, H3Z 3C1<br \/>\nT\u00e9l :\u00a0<a href=\"tel:5147884960\">514-788-4960<\/a><br \/>\nT\u00e9l\u00e9copieur :\u00a0<a href=\"tel:5147884962\">514-788-4962<\/a><br \/>\nemail :\u00a0<a href=\"mailto:receptioncorpo@lacitemedicalemtl.com\">receptioncorpo@lacitemedicalemtl.com<\/a><\/p>\n<\/div><\/div><\/div><div class=\"fusion-layout-column fusion_builder_column fusion-builder-column-2 fusion_builder_column_1_2 1_2 fusion-flex-column fusion-flex-align-self-stretch\" style=\"--awb-padding-top:40px;--awb-padding-right:15px;--awb-padding-bottom:40px;--awb-padding-left:40px;--awb-bg-color:#f2f7ff;--awb-bg-color-hover:#f2f7ff;--awb-bg-size:cover;--awb-width-large:50%;--awb-margin-top-large:0px;--awb-spacing-right-large:1.92%;--awb-margin-bottom-large:0px;--awb-spacing-left-large:1.92%;--awb-width-medium:50%;--awb-order-medium:0;--awb-spacing-right-medium:1.92%;--awb-spacing-left-medium:1.92%;--awb-width-small:100%;--awb-order-small:0;--awb-spacing-right-small:1.92%;--awb-margin-bottom-small:20px;--awb-spacing-left-small:1.92%;\"><div class=\"fusion-column-wrapper fusion-column-has-shadow fusion-flex-justify-content-center fusion-content-layout-column\"><div class=\"fusion-title title fusion-title-3 fusion-sep-none fusion-title-text fusion-title-size-three\" style=\"--awb-text-color:#0c0843;--awb-margin-bottom:20px;--awb-font-size:20px;\"><h3 class=\"fusion-title-heading title-heading-left\" style=\"margin:0;font-size:1em;\">Medical services for individuals<\/h3><\/div><div class=\"fusion-text fusion-text-2\" style=\"--awb-font-size:17px;--awb-line-height:1.3;--awb-text-color:#000000;\"><p>3500, Blvd<span style=\"font-weight: 400;\">. <\/span>de Maisonneuve West,<br \/>\nSuite 1520, Westmount,<br \/>\nQuebec, H3Z 3C1<br \/>\nPhone : <a href=\"tel:5147886484\">514-788-6484<\/a><br \/>\nFax : <a href=\"tel:5147881983\">514-788-1983<\/a><\/p>\n<\/div><\/div><\/div><\/div><\/div><div class=\"fusion-fullwidth fullwidth-box fusion-builder-row-2 fusion-flex-container has-pattern-background has-mask-background hundred-percent-fullwidth non-hundred-percent-height-scrolling\" style=\"--awb-border-radius-top-left:0px;--awb-border-radius-top-right:0px;--awb-border-radius-bottom-right:0px;--awb-border-radius-bottom-left:0px;--awb-padding-top:0px;--awb-padding-right:0px;--awb-padding-bottom:0px;--awb-padding-left:0px;--awb-flex-wrap:wrap;\" ><div class=\"fusion-builder-row fusion-row fusion-flex-align-items-flex-start fusion-flex-content-wrap\" style=\"width:104% !important;max-width:104% !important;margin-left: calc(-4% \/ 2 );margin-right: calc(-4% \/ 2 );\"><div class=\"fusion-layout-column fusion_builder_column fusion-builder-column-3 fusion_builder_column_1_1 1_1 fusion-flex-column\" style=\"--awb-bg-size:cover;--awb-width-large:100%;--awb-margin-top-large:0px;--awb-spacing-right-large:1.92%;--awb-margin-bottom-large:0px;--awb-spacing-left-large:1.92%;--awb-width-medium:100%;--awb-order-medium:0;--awb-spacing-right-medium:1.92%;--awb-spacing-left-medium:1.92%;--awb-width-small:100%;--awb-order-small:0;--awb-spacing-right-small:1.92%;--awb-spacing-left-small:1.92%;\"><div class=\"fusion-column-wrapper fusion-column-has-shadow fusion-flex-justify-content-flex-start fusion-content-layout-column\"><iframe style=\"border: 0;\" src=\"https:\/\/www.google.com\/maps\/embed?pb=!1m14!1m8!1m3!1d11188.253625163028!2d-73.5849932!3d45.4886679!3m2!1i1024!2i768!4f13.1!3m3!1m2!1s0x4cc91a46e8d8f69b:0x166b50882d7b8a20!2zTGEgQ2l0w6kgTcOpZGljYWxlIE1vbnRyw6lhbA!5e0!3m2!1sfr!2sbj!4v1688464583419!5m2!1sfr!2sbj\" width=\"100%\" height=\"550\" allowfullscreen=\"allowfullscreen\"><\/iframe><\/div><\/div><\/div><\/div><\/p>\n","protected":false},"excerpt":{"rendered":"","protected":false},"author":1,"featured_media":0,"parent":0,"menu_order":0,"comment_status":"closed","ping_status":"closed","template":"100-width.php","meta":{"inline_featured_image":false,"footnotes":""},"class_list":["post-658","page","type-page","status-publish","hentry"],"yoast_head":"<!-- This site is optimized with the Yoast SEO plugin v25.9 - https:\/\/yoast.com\/wordpress\/plugins\/seo\/ -->\n<title>La Cit\u00e9 M\u00e9dicale Montr\u00e9al | Contact<\/title>\n<meta name=\"description\" content=\"You can contact us by phone or by filling out the following form.\" \/>\n<meta name=\"robots\" content=\"index, follow, max-snippet:-1, max-image-preview:large, max-video-preview:-1\" \/>\n<link rel=\"canonical\" href=\"https:\/\/lacitemedicalemontreal.ca\/en\/contact\/\" \/>\n<meta property=\"og:locale\" content=\"en_US\" \/>\n<meta property=\"og:type\" content=\"article\" \/>\n<meta property=\"og:title\" content=\"La Cit\u00e9 M\u00e9dicale Montr\u00e9al | Contact\" \/>\n<meta property=\"og:description\" content=\"You can contact us by phone or by filling out the following form.\" \/>\n<meta property=\"og:url\" content=\"https:\/\/lacitemedicalemontreal.ca\/en\/contact\/\" \/>\n<meta property=\"og:site_name\" content=\"La Cit\u00e9 M\u00e9dicale\" \/>\n<meta property=\"article:modified_time\" content=\"2024-02-22T00:57:27+00:00\" \/>\n<meta name=\"twitter:card\" content=\"summary_large_image\" \/>\n<meta name=\"twitter:label1\" content=\"Est. reading time\" \/>\n\t<meta name=\"twitter:data1\" content=\"11 minutes\" \/>\n<script type=\"application\/ld+json\" class=\"yoast-schema-graph\">{\"@context\":\"https:\/\/schema.org\",\"@graph\":[{\"@type\":\"WebPage\",\"@id\":\"https:\/\/lacitemedicalemontreal.ca\/en\/contact\/\",\"url\":\"https:\/\/lacitemedicalemontreal.ca\/en\/contact\/\",\"name\":\"La Cit\u00e9 M\u00e9dicale Montr\u00e9al | Contact\",\"isPartOf\":{\"@id\":\"https:\/\/lacitemedicalemontreal.ca\/en\/#website\"},\"datePublished\":\"2023-03-09T21:11:11+00:00\",\"dateModified\":\"2024-02-22T00:57:27+00:00\",\"description\":\"You can contact us by phone or by filling out the following form.\",\"breadcrumb\":{\"@id\":\"https:\/\/lacitemedicalemontreal.ca\/en\/contact\/#breadcrumb\"},\"inLanguage\":\"en-US\",\"potentialAction\":[{\"@type\":\"ReadAction\",\"target\":[\"https:\/\/lacitemedicalemontreal.ca\/en\/contact\/\"]}]},{\"@type\":\"BreadcrumbList\",\"@id\":\"https:\/\/lacitemedicalemontreal.ca\/en\/contact\/#breadcrumb\",\"itemListElement\":[{\"@type\":\"ListItem\",\"position\":1,\"name\":\"Accueil\",\"item\":\"https:\/\/lacitemedicalemontreal.ca\/en\/\"},{\"@type\":\"ListItem\",\"position\":2,\"name\":\"Contact\"}]},{\"@type\":\"WebSite\",\"@id\":\"https:\/\/lacitemedicalemontreal.ca\/en\/#website\",\"url\":\"https:\/\/lacitemedicalemontreal.ca\/en\/\",\"name\":\"La Cit\u00e9 M\u00e9dicale\",\"description\":\"\",\"potentialAction\":[{\"@type\":\"SearchAction\",\"target\":{\"@type\":\"EntryPoint\",\"urlTemplate\":\"https:\/\/lacitemedicalemontreal.ca\/en\/?s={search_term_string}\"},\"query-input\":{\"@type\":\"PropertyValueSpecification\",\"valueRequired\":true,\"valueName\":\"search_term_string\"}}],\"inLanguage\":\"en-US\"}]}<\/script>\n<!-- \/ Yoast SEO plugin. -->","yoast_head_json":{"title":"La Cit\u00e9 M\u00e9dicale Montr\u00e9al | Contact","description":"You can contact us by phone or by filling out the following form.","robots":{"index":"index","follow":"follow","max-snippet":"max-snippet:-1","max-image-preview":"max-image-preview:large","max-video-preview":"max-video-preview:-1"},"canonical":"https:\/\/lacitemedicalemontreal.ca\/en\/contact\/","og_locale":"en_US","og_type":"article","og_title":"La Cit\u00e9 M\u00e9dicale Montr\u00e9al | Contact","og_description":"You can contact us by phone or by filling out the following form.","og_url":"https:\/\/lacitemedicalemontreal.ca\/en\/contact\/","og_site_name":"La Cit\u00e9 M\u00e9dicale","article_modified_time":"2024-02-22T00:57:27+00:00","twitter_card":"summary_large_image","twitter_misc":{"Est. reading time":"11 minutes"},"schema":{"@context":"https:\/\/schema.org","@graph":[{"@type":"WebPage","@id":"https:\/\/lacitemedicalemontreal.ca\/en\/contact\/","url":"https:\/\/lacitemedicalemontreal.ca\/en\/contact\/","name":"La Cit\u00e9 M\u00e9dicale Montr\u00e9al | Contact","isPartOf":{"@id":"https:\/\/lacitemedicalemontreal.ca\/en\/#website"},"datePublished":"2023-03-09T21:11:11+00:00","dateModified":"2024-02-22T00:57:27+00:00","description":"You can contact us by phone or by filling out the following form.","breadcrumb":{"@id":"https:\/\/lacitemedicalemontreal.ca\/en\/contact\/#breadcrumb"},"inLanguage":"en-US","potentialAction":[{"@type":"ReadAction","target":["https:\/\/lacitemedicalemontreal.ca\/en\/contact\/"]}]},{"@type":"BreadcrumbList","@id":"https:\/\/lacitemedicalemontreal.ca\/en\/contact\/#breadcrumb","itemListElement":[{"@type":"ListItem","position":1,"name":"Accueil","item":"https:\/\/lacitemedicalemontreal.ca\/en\/"},{"@type":"ListItem","position":2,"name":"Contact"}]},{"@type":"WebSite","@id":"https:\/\/lacitemedicalemontreal.ca\/en\/#website","url":"https:\/\/lacitemedicalemontreal.ca\/en\/","name":"La Cit\u00e9 M\u00e9dicale","description":"","potentialAction":[{"@type":"SearchAction","target":{"@type":"EntryPoint","urlTemplate":"https:\/\/lacitemedicalemontreal.ca\/en\/?s={search_term_string}"},"query-input":{"@type":"PropertyValueSpecification","valueRequired":true,"valueName":"search_term_string"}}],"inLanguage":"en-US"}]}},"_links":{"self":[{"href":"https:\/\/lacitemedicalemontreal.ca\/en\/wp-json\/wp\/v2\/pages\/658","targetHints":{"allow":["GET"]}}],"collection":[{"href":"https:\/\/lacitemedicalemontreal.ca\/en\/wp-json\/wp\/v2\/pages"}],"about":[{"href":"https:\/\/lacitemedicalemontreal.ca\/en\/wp-json\/wp\/v2\/types\/page"}],"author":[{"embeddable":true,"href":"https:\/\/lacitemedicalemontreal.ca\/en\/wp-json\/wp\/v2\/users\/1"}],"replies":[{"embeddable":true,"href":"https:\/\/lacitemedicalemontreal.ca\/en\/wp-json\/wp\/v2\/comments?post=658"}],"version-history":[{"count":13,"href":"https:\/\/lacitemedicalemontreal.ca\/en\/wp-json\/wp\/v2\/pages\/658\/revisions"}],"predecessor-version":[{"id":1135,"href":"https:\/\/lacitemedicalemontreal.ca\/en\/wp-json\/wp\/v2\/pages\/658\/revisions\/1135"}],"wp:attachment":[{"href":"https:\/\/lacitemedicalemontreal.ca\/en\/wp-json\/wp\/v2\/media?parent=658"}],"curies":[{"name":"wp","href":"https:\/\/api.w.org\/{rel}","templated":true}]}}