{"id":582,"date":"2023-03-10T09:45:29","date_gmt":"2023-03-10T09:45:29","guid":{"rendered":"https:\/\/lacitemedicalemontreal.ca\/blog\/"},"modified":"2023-10-30T23:00:47","modified_gmt":"2023-10-30T23:00:47","slug":"blog","status":"publish","type":"page","link":"https:\/\/lacitemedicalemontreal.ca\/en\/blog\/","title":{"rendered":"Blog"},"content":{"rendered":"<p><div class=\"fusion-fullwidth fullwidth-box fusion-builder-row-1 fusion-flex-container has-pattern-background has-mask-background nonhundred-percent-fullwidth non-hundred-percent-height-scrolling\" style=\"--awb-border-radius-top-left:0px;--awb-border-radius-top-right:0px;--awb-border-radius-bottom-right:0px;--awb-border-radius-bottom-left:0px;--awb-padding-top:120px;--awb-padding-right:140px;--awb-padding-bottom:100px;--awb-padding-left:140px;--awb-padding-right-medium:50px;--awb-padding-left-medium:50px;--awb-padding-top-small:65px;--awb-padding-right-small:50px;--awb-padding-bottom-small:57px;--awb-padding-left-small:50px;--awb-flex-wrap:wrap;\" ><div class=\"fusion-builder-row fusion-row fusion-flex-align-items-flex-start fusion-flex-content-wrap\" style=\"max-width:1248px;margin-left: calc(-4% \/ 2 );margin-right: calc(-4% \/ 2 );\"><div class=\"fusion-layout-column fusion_builder_column fusion-builder-column-0 fusion_builder_column_1_1 1_1 fusion-flex-column\" style=\"--awb-bg-size:cover;--awb-width-large:100%;--awb-margin-top-large:0px;--awb-spacing-right-large:1.92%;--awb-margin-bottom-large:87px;--awb-spacing-left-large:1.92%;--awb-width-medium:100%;--awb-order-medium:0;--awb-spacing-right-medium:1.92%;--awb-spacing-left-medium:1.92%;--awb-width-small:100%;--awb-order-small:0;--awb-spacing-right-small:1.92%;--awb-margin-bottom-small:46px;--awb-spacing-left-small:1.92%;\"><div class=\"fusion-column-wrapper fusion-column-has-shadow fusion-flex-justify-content-flex-start fusion-content-layout-column\"><div class=\"fusion-title title fusion-title-1 fusion-sep-none fusion-title-center fusion-title-text fusion-title-size-two\"><h2 class=\"fusion-title-heading title-heading-center\" style=\"margin:0;\">Blog coming soon<\/h2><\/div><\/div><\/div><\/div><\/div><\/p>\n","protected":false},"excerpt":{"rendered":"","protected":false},"author":1,"featured_media":0,"parent":0,"menu_order":0,"comment_status":"closed","ping_status":"closed","template":"100-width.php","meta":{"inline_featured_image":false,"footnotes":""},"class_list":["post-582","page","type-page","status-publish","hentry"],"yoast_head":"<!-- This site is optimized with the Yoast SEO plugin v25.9 - https:\/\/yoast.com\/wordpress\/plugins\/seo\/ -->\n<title>La Cit\u00e9 M\u00e9dicale Montr\u00e9al | Blog<\/title>\n<meta name=\"description\" content=\"Subscribe to our blog and benefit from quality medical content.\" \/>\n<meta name=\"robots\" content=\"index, follow, max-snippet:-1, max-image-preview:large, max-video-preview:-1\" \/>\n<link rel=\"canonical\" href=\"https:\/\/lacitemedicalemontreal.ca\/en\/blog\/\" \/>\n<meta property=\"og:locale\" content=\"en_US\" \/>\n<meta property=\"og:type\" content=\"article\" \/>\n<meta property=\"og:title\" content=\"La Cit\u00e9 M\u00e9dicale Montr\u00e9al | Blog\" \/>\n<meta property=\"og:description\" content=\"Subscribe to our blog and benefit from quality medical content.\" \/>\n<meta property=\"og:url\" content=\"https:\/\/lacitemedicalemontreal.ca\/en\/blog\/\" \/>\n<meta property=\"og:site_name\" content=\"La Cit\u00e9 M\u00e9dicale\" \/>\n<meta property=\"article:modified_time\" content=\"2023-10-30T23:00:47+00:00\" \/>\n<meta name=\"twitter:card\" content=\"summary_large_image\" \/>\n<meta name=\"twitter:label1\" content=\"Est. reading time\" \/>\n\t<meta name=\"twitter:data1\" content=\"9 minutes\" \/>\n<script type=\"application\/ld+json\" class=\"yoast-schema-graph\">{\"@context\":\"https:\/\/schema.org\",\"@graph\":[{\"@type\":\"WebPage\",\"@id\":\"https:\/\/lacitemedicalemontreal.ca\/en\/blog\/\",\"url\":\"https:\/\/lacitemedicalemontreal.ca\/en\/blog\/\",\"name\":\"La Cit\u00e9 M\u00e9dicale Montr\u00e9al | Blog\",\"isPartOf\":{\"@id\":\"https:\/\/lacitemedicalemontreal.ca\/en\/#website\"},\"datePublished\":\"2023-03-10T09:45:29+00:00\",\"dateModified\":\"2023-10-30T23:00:47+00:00\",\"description\":\"Subscribe to our blog and benefit from quality medical content.\",\"breadcrumb\":{\"@id\":\"https:\/\/lacitemedicalemontreal.ca\/en\/blog\/#breadcrumb\"},\"inLanguage\":\"en-US\",\"potentialAction\":[{\"@type\":\"ReadAction\",\"target\":[\"https:\/\/lacitemedicalemontreal.ca\/en\/blog\/\"]}]},{\"@type\":\"BreadcrumbList\",\"@id\":\"https:\/\/lacitemedicalemontreal.ca\/en\/blog\/#breadcrumb\",\"itemListElement\":[{\"@type\":\"ListItem\",\"position\":1,\"name\":\"Accueil\",\"item\":\"https:\/\/lacitemedicalemontreal.ca\/en\/\"},{\"@type\":\"ListItem\",\"position\":2,\"name\":\"Blog\"}]},{\"@type\":\"WebSite\",\"@id\":\"https:\/\/lacitemedicalemontreal.ca\/en\/#website\",\"url\":\"https:\/\/lacitemedicalemontreal.ca\/en\/\",\"name\":\"La Cit\u00e9 M\u00e9dicale\",\"description\":\"\",\"potentialAction\":[{\"@type\":\"SearchAction\",\"target\":{\"@type\":\"EntryPoint\",\"urlTemplate\":\"https:\/\/lacitemedicalemontreal.ca\/en\/?s={search_term_string}\"},\"query-input\":{\"@type\":\"PropertyValueSpecification\",\"valueRequired\":true,\"valueName\":\"search_term_string\"}}],\"inLanguage\":\"en-US\"}]}<\/script>\n<!-- \/ Yoast SEO plugin. -->","yoast_head_json":{"title":"La Cit\u00e9 M\u00e9dicale Montr\u00e9al | Blog","description":"Subscribe to our blog and benefit from quality medical content.","robots":{"index":"index","follow":"follow","max-snippet":"max-snippet:-1","max-image-preview":"max-image-preview:large","max-video-preview":"max-video-preview:-1"},"canonical":"https:\/\/lacitemedicalemontreal.ca\/en\/blog\/","og_locale":"en_US","og_type":"article","og_title":"La Cit\u00e9 M\u00e9dicale Montr\u00e9al | Blog","og_description":"Subscribe to our blog and benefit from quality medical content.","og_url":"https:\/\/lacitemedicalemontreal.ca\/en\/blog\/","og_site_name":"La Cit\u00e9 M\u00e9dicale","article_modified_time":"2023-10-30T23:00:47+00:00","twitter_card":"summary_large_image","twitter_misc":{"Est. reading time":"9 minutes"},"schema":{"@context":"https:\/\/schema.org","@graph":[{"@type":"WebPage","@id":"https:\/\/lacitemedicalemontreal.ca\/en\/blog\/","url":"https:\/\/lacitemedicalemontreal.ca\/en\/blog\/","name":"La Cit\u00e9 M\u00e9dicale Montr\u00e9al | Blog","isPartOf":{"@id":"https:\/\/lacitemedicalemontreal.ca\/en\/#website"},"datePublished":"2023-03-10T09:45:29+00:00","dateModified":"2023-10-30T23:00:47+00:00","description":"Subscribe to our blog and benefit from quality medical content.","breadcrumb":{"@id":"https:\/\/lacitemedicalemontreal.ca\/en\/blog\/#breadcrumb"},"inLanguage":"en-US","potentialAction":[{"@type":"ReadAction","target":["https:\/\/lacitemedicalemontreal.ca\/en\/blog\/"]}]},{"@type":"BreadcrumbList","@id":"https:\/\/lacitemedicalemontreal.ca\/en\/blog\/#breadcrumb","itemListElement":[{"@type":"ListItem","position":1,"name":"Accueil","item":"https:\/\/lacitemedicalemontreal.ca\/en\/"},{"@type":"ListItem","position":2,"name":"Blog"}]},{"@type":"WebSite","@id":"https:\/\/lacitemedicalemontreal.ca\/en\/#website","url":"https:\/\/lacitemedicalemontreal.ca\/en\/","name":"La Cit\u00e9 M\u00e9dicale","description":"","potentialAction":[{"@type":"SearchAction","target":{"@type":"EntryPoint","urlTemplate":"https:\/\/lacitemedicalemontreal.ca\/en\/?s={search_term_string}"},"query-input":{"@type":"PropertyValueSpecification","valueRequired":true,"valueName":"search_term_string"}}],"inLanguage":"en-US"}]}},"_links":{"self":[{"href":"https:\/\/lacitemedicalemontreal.ca\/en\/wp-json\/wp\/v2\/pages\/582","targetHints":{"allow":["GET"]}}],"collection":[{"href":"https:\/\/lacitemedicalemontreal.ca\/en\/wp-json\/wp\/v2\/pages"}],"about":[{"href":"https:\/\/lacitemedicalemontreal.ca\/en\/wp-json\/wp\/v2\/types\/page"}],"author":[{"embeddable":true,"href":"https:\/\/lacitemedicalemontreal.ca\/en\/wp-json\/wp\/v2\/users\/1"}],"replies":[{"embeddable":true,"href":"https:\/\/lacitemedicalemontreal.ca\/en\/wp-json\/wp\/v2\/comments?post=582"}],"version-history":[{"count":4,"href":"https:\/\/lacitemedicalemontreal.ca\/en\/wp-json\/wp\/v2\/pages\/582\/revisions"}],"predecessor-version":[{"id":1071,"href":"https:\/\/lacitemedicalemontreal.ca\/en\/wp-json\/wp\/v2\/pages\/582\/revisions\/1071"}],"wp:attachment":[{"href":"https:\/\/lacitemedicalemontreal.ca\/en\/wp-json\/wp\/v2\/media?parent=582"}],"curies":[{"name":"wp","href":"https:\/\/api.w.org\/{rel}","templated":true}]}}